{"id":882,"date":"2022-10-17T20:02:18","date_gmt":"2022-10-17T18:02:18","guid":{"rendered":"https:\/\/theater-im-glien.de\/wp\/?page_id=882"},"modified":"2022-10-17T20:06:48","modified_gmt":"2022-10-17T18:06:48","slug":"alles-schwindel-premiere","status":"publish","type":"page","link":"https:\/\/theater-im-glien.de\/wp\/alles-schwindel-premiere\/","title":{"rendered":"Alles Schwindel Premiere"},"content":{"rendered":"\t\t<div data-elementor-type=\"wp-page\" data-elementor-id=\"882\" class=\"elementor elementor-882\">\n\t\t\t\t\t\t<div class=\"elementor-inner\">\n\t\t\t\t<div class=\"elementor-section-wrap\">\n\t\t\t\t\t\t\t\t\t<section class=\"elementor-section elementor-top-section elementor-element elementor-element-5dc3aa6 elementor-section-boxed elementor-section-height-default elementor-section-height-default\" data-id=\"5dc3aa6\" data-element_type=\"section\">\n\t\t\t\t\t\t<div class=\"elementor-container elementor-column-gap-default\">\n\t\t\t\t\t\t\t<div class=\"elementor-row\">\n\t\t\t\t\t<div class=\"elementor-column elementor-col-100 elementor-top-column elementor-element elementor-element-2d68002\" data-id=\"2d68002\" data-element_type=\"column\">\n\t\t\t<div class=\"elementor-column-wrap elementor-element-populated\">\n\t\t\t\t\t\t\t<div class=\"elementor-widget-wrap\">\n\t\t\t\t\t\t<div class=\"elementor-element elementor-element-df16baf elementor-widget elementor-widget-heading\" data-id=\"df16baf\" data-element_type=\"widget\" data-widget_type=\"heading.default\">\n\t\t\t\t<div class=\"elementor-widget-container\">\n\t\t\t<h2 class=\"elementor-heading-title elementor-size-default\">Premiere, Alles Schwindel<\/h2>\t\t<\/div>\n\t\t\t\t<\/div>\n\t\t\t\t<div class=\"elementor-element elementor-element-2328a6f elementor-widget elementor-widget-text-editor\" data-id=\"2328a6f\" data-element_type=\"widget\" data-widget_type=\"text-editor.default\">\n\t\t\t\t<div class=\"elementor-widget-container\">\n\t\t\t\t\t\t\t\t<div class=\"elementor-text-editor elementor-clearfix\">\n\t\t\t\t<p><span style=\"caret-color: rgb(51, 51, 51); color: rgb(51, 51, 51); font-family: &quot;Helvetica Neue&quot;, Helvetica, Arial, sans-serif; font-size: 18px;\">Nach langer Corona-Pause startete nun auch das \u201eTheater im Glien\u201c wieder mit einem neuen St\u00fcck. Am 15. Oktober feierte die<\/span><strong style=\"caret-color: rgb(51, 51, 51); color: rgb(51, 51, 51); font-family: &quot;Helvetica Neue&quot;, Helvetica, Arial, sans-serif; font-size: 18px;\"> <\/strong><span style=\"caret-color: rgb(51, 51, 51); color: rgb(51, 51, 51); font-family: &quot;Helvetica Neue&quot;, Helvetica, Arial, sans-serif; font-size: 18px;\">Truppe die Premiere von \u201eAlles Schwindel!\u201c Autor Norbert Frank hatte der Theatertruppe um Regisseur Dieter Borgelt einmal mehr ein vergn\u00fcgliches St\u00fcck auf den Leib geschrieben. Der Schwanenkrug in Sch\u00f6nwalde-Glien bildete wie immer die passende Kulisse f\u00fcr die Auff\u00fchrung.<\/span><\/p>\t\t\t\t\t<\/div>\n\t\t\t\t\t\t<\/div>\n\t\t\t\t<\/div>\n\t\t\t\t<div class=\"elementor-element elementor-element-9517908 elementor-widget elementor-widget-image-gallery\" data-id=\"9517908\" data-element_type=\"widget\" data-widget_type=\"image-gallery.default\">\n\t\t\t\t<div class=\"elementor-widget-container\">\n\t\t\t\t\t<div class=\"elementor-image-gallery\">\n\t\t\t\n\t\t<style type=\"text\/css\">\n\t\t\t#gallery-1 {\n\t\t\t\tmargin: auto;\n\t\t\t}\n\t\t\t#gallery-1 .gallery-item {\n\t\t\t\tfloat: left;\n\t\t\t\tmargin-top: 10px;\n\t\t\t\ttext-align: center;\n\t\t\t\twidth: 25%;\n\t\t\t}\n\t\t\t#gallery-1 img {\n\t\t\t\tborder: 2px solid #cfcfcf;\n\t\t\t}\n\t\t\t#gallery-1 .gallery-caption {\n\t\t\t\tmargin-left: 0;\n\t\t\t}\n\t\t\t\/* see gallery_shortcode() in wp-includes\/media.php *\/\n\t\t<\/style>\n\t\t<div id='gallery-1' class='gallery galleryid-882 gallery-columns-4 gallery-size-thumbnail'><dl class='gallery-item'>\n\t\t\t<dt class='gallery-icon landscape'>\n\t\t\t\t<a data-elementor-open-lightbox=\"yes\" data-elementor-lightbox-slideshow=\"9517908\" data-elementor-lightbox-title=\"AllesSchwindel 22-10-15 17.32.57-1\" data-e-action-hash=\"#elementor-action%3Aaction%3Dlightbox%26settings%3DeyJpZCI6ODYwLCJ1cmwiOiJodHRwczpcL1wvdGhlYXRlci1pbS1nbGllbi5kZVwvd3BcL3dwLWNvbnRlbnRcL3VwbG9hZHNcLzIwMjJcLzEwXC9BbGxlc1NjaHdpbmRlbCAyMi0xMC0xNSAxNy4zMi41Ny0xLmpwZyIsInNsaWRlc2hvdyI6Ijk1MTc5MDgifQ%3D%3D\" href='https:\/\/theater-im-glien.de\/wp\/wp-content\/uploads\/2022\/10\/AllesSchwindel%2022-10-15%2017.32.57-1.jpg'><img loading=\"lazy\" decoding=\"async\" width=\"150\" height=\"150\" src=\"https:\/\/theater-im-glien.de\/wp\/wp-content\/uploads\/2022\/10\/AllesSchwindel 22-10-15 17.32.57-1-150x150.jpg\" class=\"attachment-thumbnail size-thumbnail\" alt=\"\" \/><\/a>\n\t\t\t<\/dt><\/dl><dl class='gallery-item'>\n\t\t\t<dt class='gallery-icon landscape'>\n\t\t\t\t<a data-elementor-open-lightbox=\"yes\" data-elementor-lightbox-slideshow=\"9517908\" data-elementor-lightbox-title=\"AllesSchwindel 22-10-15 17.52.49\" data-e-action-hash=\"#elementor-action%3Aaction%3Dlightbox%26settings%3DeyJpZCI6ODYxLCJ1cmwiOiJodHRwczpcL1wvdGhlYXRlci1pbS1nbGllbi5kZVwvd3BcL3dwLWNvbnRlbnRcL3VwbG9hZHNcLzIwMjJcLzEwXC9BbGxlc1NjaHdpbmRlbCAyMi0xMC0xNSAxNy41Mi40OS5qcGciLCJzbGlkZXNob3ciOiI5NTE3OTA4In0%3D\" href='https:\/\/theater-im-glien.de\/wp\/wp-content\/uploads\/2022\/10\/AllesSchwindel%2022-10-15%2017.52.49.jpg'><img loading=\"lazy\" decoding=\"async\" width=\"150\" height=\"150\" src=\"https:\/\/theater-im-glien.de\/wp\/wp-content\/uploads\/2022\/10\/AllesSchwindel 22-10-15 17.52.49-150x150.jpg\" class=\"attachment-thumbnail size-thumbnail\" alt=\"\" \/><\/a>\n\t\t\t<\/dt><\/dl><dl class='gallery-item'>\n\t\t\t<dt class='gallery-icon landscape'>\n\t\t\t\t<a data-elementor-open-lightbox=\"yes\" data-elementor-lightbox-slideshow=\"9517908\" data-elementor-lightbox-title=\"AllesSchwindel 22-10-15 18.31.58-2\" data-e-action-hash=\"#elementor-action%3Aaction%3Dlightbox%26settings%3DeyJpZCI6ODY1LCJ1cmwiOiJodHRwczpcL1wvdGhlYXRlci1pbS1nbGllbi5kZVwvd3BcL3dwLWNvbnRlbnRcL3VwbG9hZHNcLzIwMjJcLzEwXC9BbGxlc1NjaHdpbmRlbCAyMi0xMC0xNSAxOC4zMS41OC0yLmpwZyIsInNsaWRlc2hvdyI6Ijk1MTc5MDgifQ%3D%3D\" href='https:\/\/theater-im-glien.de\/wp\/wp-content\/uploads\/2022\/10\/AllesSchwindel%2022-10-15%2018.31.58-2.jpg'><img loading=\"lazy\" decoding=\"async\" width=\"150\" height=\"150\" src=\"https:\/\/theater-im-glien.de\/wp\/wp-content\/uploads\/2022\/10\/AllesSchwindel 22-10-15 18.31.58-2-150x150.jpg\" class=\"attachment-thumbnail size-thumbnail\" alt=\"\" \/><\/a>\n\t\t\t<\/dt><\/dl><dl class='gallery-item'>\n\t\t\t<dt class='gallery-icon landscape'>\n\t\t\t\t<a data-elementor-open-lightbox=\"yes\" data-elementor-lightbox-slideshow=\"9517908\" data-elementor-lightbox-title=\"AllesSchwindel 22-10-15 18.10.38\" data-e-action-hash=\"#elementor-action%3Aaction%3Dlightbox%26settings%3DeyJpZCI6ODYzLCJ1cmwiOiJodHRwczpcL1wvdGhlYXRlci1pbS1nbGllbi5kZVwvd3BcL3dwLWNvbnRlbnRcL3VwbG9hZHNcLzIwMjJcLzEwXC9BbGxlc1NjaHdpbmRlbCAyMi0xMC0xNSAxOC4xMC4zOC5qcGciLCJzbGlkZXNob3ciOiI5NTE3OTA4In0%3D\" href='https:\/\/theater-im-glien.de\/wp\/wp-content\/uploads\/2022\/10\/AllesSchwindel%2022-10-15%2018.10.38.jpg'><img loading=\"lazy\" decoding=\"async\" width=\"150\" height=\"150\" src=\"https:\/\/theater-im-glien.de\/wp\/wp-content\/uploads\/2022\/10\/AllesSchwindel 22-10-15 18.10.38-150x150.jpg\" class=\"attachment-thumbnail size-thumbnail\" alt=\"\" \/><\/a>\n\t\t\t<\/dt><\/dl><br style=\"clear: both\" \/><dl class='gallery-item'>\n\t\t\t<dt class='gallery-icon landscape'>\n\t\t\t\t<a data-elementor-open-lightbox=\"yes\" data-elementor-lightbox-slideshow=\"9517908\" data-elementor-lightbox-title=\"AllesSchwindel 22-10-15 18.08.50\" data-e-action-hash=\"#elementor-action%3Aaction%3Dlightbox%26settings%3DeyJpZCI6ODYyLCJ1cmwiOiJodHRwczpcL1wvdGhlYXRlci1pbS1nbGllbi5kZVwvd3BcL3dwLWNvbnRlbnRcL3VwbG9hZHNcLzIwMjJcLzEwXC9BbGxlc1NjaHdpbmRlbCAyMi0xMC0xNSAxOC4wOC41MC5qcGciLCJzbGlkZXNob3ciOiI5NTE3OTA4In0%3D\" href='https:\/\/theater-im-glien.de\/wp\/wp-content\/uploads\/2022\/10\/AllesSchwindel%2022-10-15%2018.08.50.jpg'><img loading=\"lazy\" decoding=\"async\" width=\"150\" height=\"150\" src=\"https:\/\/theater-im-glien.de\/wp\/wp-content\/uploads\/2022\/10\/AllesSchwindel 22-10-15 18.08.50-150x150.jpg\" class=\"attachment-thumbnail size-thumbnail\" alt=\"\" \/><\/a>\n\t\t\t<\/dt><\/dl><dl class='gallery-item'>\n\t\t\t<dt class='gallery-icon landscape'>\n\t\t\t\t<a data-elementor-open-lightbox=\"yes\" data-elementor-lightbox-slideshow=\"9517908\" data-elementor-lightbox-title=\"AllesSchwindel 22-10-15 18.55.40-1\" data-e-action-hash=\"#elementor-action%3Aaction%3Dlightbox%26settings%3DeyJpZCI6ODY3LCJ1cmwiOiJodHRwczpcL1wvdGhlYXRlci1pbS1nbGllbi5kZVwvd3BcL3dwLWNvbnRlbnRcL3VwbG9hZHNcLzIwMjJcLzEwXC9BbGxlc1NjaHdpbmRlbCAyMi0xMC0xNSAxOC41NS40MC0xLmpwZyIsInNsaWRlc2hvdyI6Ijk1MTc5MDgifQ%3D%3D\" href='https:\/\/theater-im-glien.de\/wp\/wp-content\/uploads\/2022\/10\/AllesSchwindel%2022-10-15%2018.55.40-1.jpg'><img loading=\"lazy\" decoding=\"async\" width=\"150\" height=\"150\" src=\"https:\/\/theater-im-glien.de\/wp\/wp-content\/uploads\/2022\/10\/AllesSchwindel 22-10-15 18.55.40-1-150x150.jpg\" class=\"attachment-thumbnail size-thumbnail\" alt=\"\" \/><\/a>\n\t\t\t<\/dt><\/dl><dl class='gallery-item'>\n\t\t\t<dt class='gallery-icon landscape'>\n\t\t\t\t<a data-elementor-open-lightbox=\"yes\" data-elementor-lightbox-slideshow=\"9517908\" data-elementor-lightbox-title=\"AllesSchwindel 22-10-15 18.46.55-2\" data-e-action-hash=\"#elementor-action%3Aaction%3Dlightbox%26settings%3DeyJpZCI6ODY2LCJ1cmwiOiJodHRwczpcL1wvdGhlYXRlci1pbS1nbGllbi5kZVwvd3BcL3dwLWNvbnRlbnRcL3VwbG9hZHNcLzIwMjJcLzEwXC9BbGxlc1NjaHdpbmRlbCAyMi0xMC0xNSAxOC40Ni41NS0yLmpwZyIsInNsaWRlc2hvdyI6Ijk1MTc5MDgifQ%3D%3D\" href='https:\/\/theater-im-glien.de\/wp\/wp-content\/uploads\/2022\/10\/AllesSchwindel%2022-10-15%2018.46.55-2.jpg'><img loading=\"lazy\" decoding=\"async\" width=\"150\" height=\"150\" src=\"https:\/\/theater-im-glien.de\/wp\/wp-content\/uploads\/2022\/10\/AllesSchwindel 22-10-15 18.46.55-2-150x150.jpg\" class=\"attachment-thumbnail size-thumbnail\" alt=\"\" \/><\/a>\n\t\t\t<\/dt><\/dl><dl class='gallery-item'>\n\t\t\t<dt class='gallery-icon landscape'>\n\t\t\t\t<a data-elementor-open-lightbox=\"yes\" data-elementor-lightbox-slideshow=\"9517908\" data-elementor-lightbox-title=\"AllesSchwindel 22-10-15 19.50.10-2\" data-e-action-hash=\"#elementor-action%3Aaction%3Dlightbox%26settings%3DeyJpZCI6ODcyLCJ1cmwiOiJodHRwczpcL1wvdGhlYXRlci1pbS1nbGllbi5kZVwvd3BcL3dwLWNvbnRlbnRcL3VwbG9hZHNcLzIwMjJcLzEwXC9BbGxlc1NjaHdpbmRlbCAyMi0xMC0xNSAxOS41MC4xMC0yLmpwZyIsInNsaWRlc2hvdyI6Ijk1MTc5MDgifQ%3D%3D\" href='https:\/\/theater-im-glien.de\/wp\/wp-content\/uploads\/2022\/10\/AllesSchwindel%2022-10-15%2019.50.10-2.jpg'><img loading=\"lazy\" decoding=\"async\" width=\"150\" height=\"150\" src=\"https:\/\/theater-im-glien.de\/wp\/wp-content\/uploads\/2022\/10\/AllesSchwindel 22-10-15 19.50.10-2-150x150.jpg\" class=\"attachment-thumbnail size-thumbnail\" alt=\"\" \/><\/a>\n\t\t\t<\/dt><\/dl><br style=\"clear: both\" \/><dl class='gallery-item'>\n\t\t\t<dt class='gallery-icon landscape'>\n\t\t\t\t<a data-elementor-open-lightbox=\"yes\" data-elementor-lightbox-slideshow=\"9517908\" data-elementor-lightbox-title=\"AllesSchwindel 22-10-15 18.56.43-2\" data-e-action-hash=\"#elementor-action%3Aaction%3Dlightbox%26settings%3DeyJpZCI6ODY4LCJ1cmwiOiJodHRwczpcL1wvdGhlYXRlci1pbS1nbGllbi5kZVwvd3BcL3dwLWNvbnRlbnRcL3VwbG9hZHNcLzIwMjJcLzEwXC9BbGxlc1NjaHdpbmRlbCAyMi0xMC0xNSAxOC41Ni40My0yLmpwZyIsInNsaWRlc2hvdyI6Ijk1MTc5MDgifQ%3D%3D\" href='https:\/\/theater-im-glien.de\/wp\/wp-content\/uploads\/2022\/10\/AllesSchwindel%2022-10-15%2018.56.43-2.jpg'><img loading=\"lazy\" decoding=\"async\" width=\"150\" height=\"150\" src=\"https:\/\/theater-im-glien.de\/wp\/wp-content\/uploads\/2022\/10\/AllesSchwindel 22-10-15 18.56.43-2-150x150.jpg\" class=\"attachment-thumbnail size-thumbnail\" alt=\"\" \/><\/a>\n\t\t\t<\/dt><\/dl><dl class='gallery-item'>\n\t\t\t<dt class='gallery-icon landscape'>\n\t\t\t\t<a data-elementor-open-lightbox=\"yes\" data-elementor-lightbox-slideshow=\"9517908\" data-elementor-lightbox-title=\"AllesSchwindel 22-10-15 19.47.47\" data-e-action-hash=\"#elementor-action%3Aaction%3Dlightbox%26settings%3DeyJpZCI6ODcxLCJ1cmwiOiJodHRwczpcL1wvdGhlYXRlci1pbS1nbGllbi5kZVwvd3BcL3dwLWNvbnRlbnRcL3VwbG9hZHNcLzIwMjJcLzEwXC9BbGxlc1NjaHdpbmRlbCAyMi0xMC0xNSAxOS40Ny40Ny5qcGciLCJzbGlkZXNob3ciOiI5NTE3OTA4In0%3D\" href='https:\/\/theater-im-glien.de\/wp\/wp-content\/uploads\/2022\/10\/AllesSchwindel%2022-10-15%2019.47.47.jpg'><img loading=\"lazy\" decoding=\"async\" width=\"150\" height=\"150\" src=\"https:\/\/theater-im-glien.de\/wp\/wp-content\/uploads\/2022\/10\/AllesSchwindel 22-10-15 19.47.47-150x150.jpg\" class=\"attachment-thumbnail size-thumbnail\" alt=\"\" \/><\/a>\n\t\t\t<\/dt><\/dl><dl class='gallery-item'>\n\t\t\t<dt class='gallery-icon landscape'>\n\t\t\t\t<a data-elementor-open-lightbox=\"yes\" data-elementor-lightbox-slideshow=\"9517908\" data-elementor-lightbox-title=\"AllesSchwindel 22-10-15 20.07.43-2\" data-e-action-hash=\"#elementor-action%3Aaction%3Dlightbox%26settings%3DeyJpZCI6ODc0LCJ1cmwiOiJodHRwczpcL1wvdGhlYXRlci1pbS1nbGllbi5kZVwvd3BcL3dwLWNvbnRlbnRcL3VwbG9hZHNcLzIwMjJcLzEwXC9BbGxlc1NjaHdpbmRlbCAyMi0xMC0xNSAyMC4wNy40My0yLmpwZyIsInNsaWRlc2hvdyI6Ijk1MTc5MDgifQ%3D%3D\" href='https:\/\/theater-im-glien.de\/wp\/wp-content\/uploads\/2022\/10\/AllesSchwindel%2022-10-15%2020.07.43-2.jpg'><img loading=\"lazy\" decoding=\"async\" width=\"150\" height=\"150\" src=\"https:\/\/theater-im-glien.de\/wp\/wp-content\/uploads\/2022\/10\/AllesSchwindel 22-10-15 20.07.43-2-150x150.jpg\" class=\"attachment-thumbnail size-thumbnail\" alt=\"\" \/><\/a>\n\t\t\t<\/dt><\/dl><dl class='gallery-item'>\n\t\t\t<dt class='gallery-icon landscape'>\n\t\t\t\t<a data-elementor-open-lightbox=\"yes\" data-elementor-lightbox-slideshow=\"9517908\" data-elementor-lightbox-title=\"AllesSchwindel 22-10-15 19.34.45\" data-e-action-hash=\"#elementor-action%3Aaction%3Dlightbox%26settings%3DeyJpZCI6ODY5LCJ1cmwiOiJodHRwczpcL1wvdGhlYXRlci1pbS1nbGllbi5kZVwvd3BcL3dwLWNvbnRlbnRcL3VwbG9hZHNcLzIwMjJcLzEwXC9BbGxlc1NjaHdpbmRlbCAyMi0xMC0xNSAxOS4zNC40NS5qcGciLCJzbGlkZXNob3ciOiI5NTE3OTA4In0%3D\" href='https:\/\/theater-im-glien.de\/wp\/wp-content\/uploads\/2022\/10\/AllesSchwindel%2022-10-15%2019.34.45.jpg'><img loading=\"lazy\" decoding=\"async\" width=\"150\" height=\"150\" src=\"https:\/\/theater-im-glien.de\/wp\/wp-content\/uploads\/2022\/10\/AllesSchwindel 22-10-15 19.34.45-150x150.jpg\" class=\"attachment-thumbnail size-thumbnail\" alt=\"\" \/><\/a>\n\t\t\t<\/dt><\/dl><br style=\"clear: both\" \/><dl class='gallery-item'>\n\t\t\t<dt class='gallery-icon landscape'>\n\t\t\t\t<a data-elementor-open-lightbox=\"yes\" data-elementor-lightbox-slideshow=\"9517908\" data-elementor-lightbox-title=\"AllesSchwindel 22-10-15 19.36.13-1\" data-e-action-hash=\"#elementor-action%3Aaction%3Dlightbox%26settings%3DeyJpZCI6ODcwLCJ1cmwiOiJodHRwczpcL1wvdGhlYXRlci1pbS1nbGllbi5kZVwvd3BcL3dwLWNvbnRlbnRcL3VwbG9hZHNcLzIwMjJcLzEwXC9BbGxlc1NjaHdpbmRlbCAyMi0xMC0xNSAxOS4zNi4xMy0xLmpwZyIsInNsaWRlc2hvdyI6Ijk1MTc5MDgifQ%3D%3D\" href='https:\/\/theater-im-glien.de\/wp\/wp-content\/uploads\/2022\/10\/AllesSchwindel%2022-10-15%2019.36.13-1.jpg'><img loading=\"lazy\" decoding=\"async\" width=\"150\" height=\"150\" src=\"https:\/\/theater-im-glien.de\/wp\/wp-content\/uploads\/2022\/10\/AllesSchwindel 22-10-15 19.36.13-1-150x150.jpg\" class=\"attachment-thumbnail size-thumbnail\" alt=\"\" \/><\/a>\n\t\t\t<\/dt><\/dl><dl class='gallery-item'>\n\t\t\t<dt class='gallery-icon landscape'>\n\t\t\t\t<a data-elementor-open-lightbox=\"yes\" data-elementor-lightbox-slideshow=\"9517908\" data-elementor-lightbox-title=\"AllesSchwindel 22-10-15 20.35.06-1\" data-e-action-hash=\"#elementor-action%3Aaction%3Dlightbox%26settings%3DeyJpZCI6ODc4LCJ1cmwiOiJodHRwczpcL1wvdGhlYXRlci1pbS1nbGllbi5kZVwvd3BcL3dwLWNvbnRlbnRcL3VwbG9hZHNcLzIwMjJcLzEwXC9BbGxlc1NjaHdpbmRlbCAyMi0xMC0xNSAyMC4zNS4wNi0xLmpwZyIsInNsaWRlc2hvdyI6Ijk1MTc5MDgifQ%3D%3D\" href='https:\/\/theater-im-glien.de\/wp\/wp-content\/uploads\/2022\/10\/AllesSchwindel%2022-10-15%2020.35.06-1.jpg'><img loading=\"lazy\" decoding=\"async\" width=\"150\" height=\"150\" src=\"https:\/\/theater-im-glien.de\/wp\/wp-content\/uploads\/2022\/10\/AllesSchwindel 22-10-15 20.35.06-1-150x150.jpg\" class=\"attachment-thumbnail size-thumbnail\" alt=\"\" \/><\/a>\n\t\t\t<\/dt><\/dl><dl class='gallery-item'>\n\t\t\t<dt class='gallery-icon landscape'>\n\t\t\t\t<a data-elementor-open-lightbox=\"yes\" data-elementor-lightbox-slideshow=\"9517908\" data-elementor-lightbox-title=\"AllesSchwindel 22-10-15 20.33.31\" data-e-action-hash=\"#elementor-action%3Aaction%3Dlightbox%26settings%3DeyJpZCI6ODc3LCJ1cmwiOiJodHRwczpcL1wvdGhlYXRlci1pbS1nbGllbi5kZVwvd3BcL3dwLWNvbnRlbnRcL3VwbG9hZHNcLzIwMjJcLzEwXC9BbGxlc1NjaHdpbmRlbCAyMi0xMC0xNSAyMC4zMy4zMS5qcGciLCJzbGlkZXNob3ciOiI5NTE3OTA4In0%3D\" href='https:\/\/theater-im-glien.de\/wp\/wp-content\/uploads\/2022\/10\/AllesSchwindel%2022-10-15%2020.33.31.jpg'><img loading=\"lazy\" decoding=\"async\" width=\"150\" height=\"150\" src=\"https:\/\/theater-im-glien.de\/wp\/wp-content\/uploads\/2022\/10\/AllesSchwindel 22-10-15 20.33.31-150x150.jpg\" class=\"attachment-thumbnail size-thumbnail\" alt=\"\" \/><\/a>\n\t\t\t<\/dt><\/dl><dl class='gallery-item'>\n\t\t\t<dt class='gallery-icon landscape'>\n\t\t\t\t<a data-elementor-open-lightbox=\"yes\" data-elementor-lightbox-slideshow=\"9517908\" data-elementor-lightbox-title=\"AllesSchwindel 22-10-15 20.47.33-3\" data-e-action-hash=\"#elementor-action%3Aaction%3Dlightbox%26settings%3DeyJpZCI6ODgwLCJ1cmwiOiJodHRwczpcL1wvdGhlYXRlci1pbS1nbGllbi5kZVwvd3BcL3dwLWNvbnRlbnRcL3VwbG9hZHNcLzIwMjJcLzEwXC9BbGxlc1NjaHdpbmRlbCAyMi0xMC0xNSAyMC40Ny4zMy0zLmpwZyIsInNsaWRlc2hvdyI6Ijk1MTc5MDgifQ%3D%3D\" href='https:\/\/theater-im-glien.de\/wp\/wp-content\/uploads\/2022\/10\/AllesSchwindel%2022-10-15%2020.47.33-3.jpg'><img loading=\"lazy\" decoding=\"async\" width=\"150\" height=\"150\" src=\"https:\/\/theater-im-glien.de\/wp\/wp-content\/uploads\/2022\/10\/AllesSchwindel 22-10-15 20.47.33-3-150x150.jpg\" class=\"attachment-thumbnail size-thumbnail\" alt=\"\" \/><\/a>\n\t\t\t<\/dt><\/dl><br style=\"clear: both\" \/><dl class='gallery-item'>\n\t\t\t<dt class='gallery-icon landscape'>\n\t\t\t\t<a data-elementor-open-lightbox=\"yes\" data-elementor-lightbox-slideshow=\"9517908\" data-elementor-lightbox-title=\"AllesSchwindel 22-10-15 18.25.12-2\" data-e-action-hash=\"#elementor-action%3Aaction%3Dlightbox%26settings%3DeyJpZCI6ODY0LCJ1cmwiOiJodHRwczpcL1wvdGhlYXRlci1pbS1nbGllbi5kZVwvd3BcL3dwLWNvbnRlbnRcL3VwbG9hZHNcLzIwMjJcLzEwXC9BbGxlc1NjaHdpbmRlbCAyMi0xMC0xNSAxOC4yNS4xMi0yLmpwZyIsInNsaWRlc2hvdyI6Ijk1MTc5MDgifQ%3D%3D\" href='https:\/\/theater-im-glien.de\/wp\/wp-content\/uploads\/2022\/10\/AllesSchwindel%2022-10-15%2018.25.12-2.jpg'><img loading=\"lazy\" decoding=\"async\" width=\"150\" height=\"150\" src=\"https:\/\/theater-im-glien.de\/wp\/wp-content\/uploads\/2022\/10\/AllesSchwindel 22-10-15 18.25.12-2-150x150.jpg\" class=\"attachment-thumbnail size-thumbnail\" alt=\"\" \/><\/a>\n\t\t\t<\/dt><\/dl><dl class='gallery-item'>\n\t\t\t<dt class='gallery-icon landscape'>\n\t\t\t\t<a data-elementor-open-lightbox=\"yes\" data-elementor-lightbox-slideshow=\"9517908\" data-elementor-lightbox-title=\"AllesSchwindel 22-10-15 20.02.44-2\" data-e-action-hash=\"#elementor-action%3Aaction%3Dlightbox%26settings%3DeyJpZCI6ODczLCJ1cmwiOiJodHRwczpcL1wvdGhlYXRlci1pbS1nbGllbi5kZVwvd3BcL3dwLWNvbnRlbnRcL3VwbG9hZHNcLzIwMjJcLzEwXC9BbGxlc1NjaHdpbmRlbCAyMi0xMC0xNSAyMC4wMi40NC0yLmpwZyIsInNsaWRlc2hvdyI6Ijk1MTc5MDgifQ%3D%3D\" href='https:\/\/theater-im-glien.de\/wp\/wp-content\/uploads\/2022\/10\/AllesSchwindel%2022-10-15%2020.02.44-2.jpg'><img loading=\"lazy\" decoding=\"async\" width=\"150\" height=\"150\" src=\"https:\/\/theater-im-glien.de\/wp\/wp-content\/uploads\/2022\/10\/AllesSchwindel 22-10-15 20.02.44-2-150x150.jpg\" class=\"attachment-thumbnail size-thumbnail\" alt=\"\" \/><\/a>\n\t\t\t<\/dt><\/dl><dl class='gallery-item'>\n\t\t\t<dt class='gallery-icon landscape'>\n\t\t\t\t<a data-elementor-open-lightbox=\"yes\" data-elementor-lightbox-slideshow=\"9517908\" data-elementor-lightbox-title=\"AllesSchwindel 22-10-15 20.28.24\" data-e-action-hash=\"#elementor-action%3Aaction%3Dlightbox%26settings%3DeyJpZCI6ODc2LCJ1cmwiOiJodHRwczpcL1wvdGhlYXRlci1pbS1nbGllbi5kZVwvd3BcL3dwLWNvbnRlbnRcL3VwbG9hZHNcLzIwMjJcLzEwXC9BbGxlc1NjaHdpbmRlbCAyMi0xMC0xNSAyMC4yOC4yNC5qcGciLCJzbGlkZXNob3ciOiI5NTE3OTA4In0%3D\" href='https:\/\/theater-im-glien.de\/wp\/wp-content\/uploads\/2022\/10\/AllesSchwindel%2022-10-15%2020.28.24.jpg'><img loading=\"lazy\" decoding=\"async\" width=\"150\" height=\"150\" src=\"https:\/\/theater-im-glien.de\/wp\/wp-content\/uploads\/2022\/10\/AllesSchwindel 22-10-15 20.28.24-150x150.jpg\" class=\"attachment-thumbnail size-thumbnail\" alt=\"\" \/><\/a>\n\t\t\t<\/dt><\/dl><dl class='gallery-item'>\n\t\t\t<dt class='gallery-icon landscape'>\n\t\t\t\t<a data-elementor-open-lightbox=\"yes\" data-elementor-lightbox-slideshow=\"9517908\" data-elementor-lightbox-title=\"AllesSchwindel 22-10-15 20.41.23-2\" data-e-action-hash=\"#elementor-action%3Aaction%3Dlightbox%26settings%3DeyJpZCI6ODc5LCJ1cmwiOiJodHRwczpcL1wvdGhlYXRlci1pbS1nbGllbi5kZVwvd3BcL3dwLWNvbnRlbnRcL3VwbG9hZHNcLzIwMjJcLzEwXC9BbGxlc1NjaHdpbmRlbCAyMi0xMC0xNSAyMC40MS4yMy0yLmpwZyIsInNsaWRlc2hvdyI6Ijk1MTc5MDgifQ%3D%3D\" href='https:\/\/theater-im-glien.de\/wp\/wp-content\/uploads\/2022\/10\/AllesSchwindel%2022-10-15%2020.41.23-2.jpg'><img loading=\"lazy\" decoding=\"async\" width=\"150\" height=\"150\" src=\"https:\/\/theater-im-glien.de\/wp\/wp-content\/uploads\/2022\/10\/AllesSchwindel 22-10-15 20.41.23-2-150x150.jpg\" class=\"attachment-thumbnail size-thumbnail\" alt=\"\" \/><\/a>\n\t\t\t<\/dt><\/dl><br style=\"clear: both\" \/><dl class='gallery-item'>\n\t\t\t<dt class='gallery-icon landscape'>\n\t\t\t\t<a data-elementor-open-lightbox=\"yes\" data-elementor-lightbox-slideshow=\"9517908\" data-elementor-lightbox-title=\"AllesSchwindel 22-10-15 20.23.05-1\" data-e-action-hash=\"#elementor-action%3Aaction%3Dlightbox%26settings%3DeyJpZCI6ODc1LCJ1cmwiOiJodHRwczpcL1wvdGhlYXRlci1pbS1nbGllbi5kZVwvd3BcL3dwLWNvbnRlbnRcL3VwbG9hZHNcLzIwMjJcLzEwXC9BbGxlc1NjaHdpbmRlbCAyMi0xMC0xNSAyMC4yMy4wNS0xLmpwZyIsInNsaWRlc2hvdyI6Ijk1MTc5MDgifQ%3D%3D\" href='https:\/\/theater-im-glien.de\/wp\/wp-content\/uploads\/2022\/10\/AllesSchwindel%2022-10-15%2020.23.05-1.jpg'><img loading=\"lazy\" decoding=\"async\" width=\"150\" height=\"150\" src=\"https:\/\/theater-im-glien.de\/wp\/wp-content\/uploads\/2022\/10\/AllesSchwindel 22-10-15 20.23.05-1-150x150.jpg\" class=\"attachment-thumbnail size-thumbnail\" alt=\"\" \/><\/a>\n\t\t\t<\/dt><\/dl><dl class='gallery-item'>\n\t\t\t<dt class='gallery-icon landscape'>\n\t\t\t\t<a data-elementor-open-lightbox=\"yes\" data-elementor-lightbox-slideshow=\"9517908\" data-elementor-lightbox-title=\"AllesSchwindel 22-10-15 20.52.06-2\" data-e-action-hash=\"#elementor-action%3Aaction%3Dlightbox%26settings%3DeyJpZCI6ODgxLCJ1cmwiOiJodHRwczpcL1wvdGhlYXRlci1pbS1nbGllbi5kZVwvd3BcL3dwLWNvbnRlbnRcL3VwbG9hZHNcLzIwMjJcLzEwXC9BbGxlc1NjaHdpbmRlbCAyMi0xMC0xNSAyMC41Mi4wNi0yLmpwZyIsInNsaWRlc2hvdyI6Ijk1MTc5MDgifQ%3D%3D\" href='https:\/\/theater-im-glien.de\/wp\/wp-content\/uploads\/2022\/10\/AllesSchwindel%2022-10-15%2020.52.06-2.jpg'><img loading=\"lazy\" decoding=\"async\" width=\"150\" height=\"150\" src=\"https:\/\/theater-im-glien.de\/wp\/wp-content\/uploads\/2022\/10\/AllesSchwindel 22-10-15 20.52.06-2-150x150.jpg\" class=\"attachment-thumbnail size-thumbnail\" alt=\"\" \/><\/a>\n\t\t\t<\/dt><\/dl>\n\t\t\t<br style='clear: both' \/>\n\t\t<\/div>\n\t\t<\/div>\n\t\t\t\t<\/div>\n\t\t\t\t<\/div>\n\t\t\t\t\t\t<\/div>\n\t\t\t\t\t<\/div>\n\t\t<\/div>\n\t\t\t\t\t\t\t\t<\/div>\n\t\t\t\t\t<\/div>\n\t\t<\/section>\n\t\t\t\t<section class=\"elementor-section elementor-top-section elementor-element elementor-element-cb508c4 elementor-section-boxed elementor-section-height-default elementor-section-height-default\" data-id=\"cb508c4\" data-element_type=\"section\">\n\t\t\t\t\t\t<div class=\"elementor-container elementor-column-gap-default\">\n\t\t\t\t\t\t\t<div class=\"elementor-row\">\n\t\t\t\t\t<div class=\"elementor-column elementor-col-100 elementor-top-column elementor-element elementor-element-29aea81\" data-id=\"29aea81\" data-element_type=\"column\">\n\t\t\t<div class=\"elementor-column-wrap elementor-element-populated\">\n\t\t\t\t\t\t\t<div class=\"elementor-widget-wrap\">\n\t\t\t\t\t\t<div class=\"elementor-element elementor-element-9d24781 elementor-widget elementor-widget-text-editor\" data-id=\"9d24781\" data-element_type=\"widget\" data-widget_type=\"text-editor.default\">\n\t\t\t\t<div class=\"elementor-widget-container\">\n\t\t\t\t\t\t\t\t<div class=\"elementor-text-editor elementor-clearfix\">\n\t\t\t\t<p>Text und Bilder (c) Carsten Scheibe (unserhavelland.de) &nbsp;<\/p>\n<p>Original Beitrag:&nbsp;<a href=\"https:\/\/unserhavelland.de\/2022\/10\/16\/premiere-vom-theater-im-glien-im-schwanenkrug-alles-schwindel\/\" style=\"font-family: var( --e-global-typography-text-font-family ), Sans-serif;\">https:\/\/unserhavelland.de\/2022\/10\/16\/premiere-vom-theater-im-glien-im-schwanenkrug-alles-schwindel\/<\/a><\/p>\t\t\t\t\t<\/div>\n\t\t\t\t\t\t<\/div>\n\t\t\t\t<\/div>\n\t\t\t\t\t\t<\/div>\n\t\t\t\t\t<\/div>\n\t\t<\/div>\n\t\t\t\t\t\t\t\t<\/div>\n\t\t\t\t\t<\/div>\n\t\t<\/section>\n\t\t\t\t\t\t\t\t\t<\/div>\n\t\t\t<\/div>\n\t\t\t\t\t<\/div>\n\t\t","protected":false},"excerpt":{"rendered":"<p>Premiere, Alles Schwindel Nach langer Corona-Pause startete nun auch das \u201eTheater im Glien\u201c wieder mit einem neuen St\u00fcck. Am 15. Oktober feierte die Truppe die Premiere von \u201eAlles Schwindel!\u201c Autor Norbert Frank hatte der Theatertruppe um Regisseur Dieter Borgelt einmal mehr ein vergn\u00fcgliches St\u00fcck auf den Leib geschrieben. Der Schwanenkrug in Sch\u00f6nwalde-Glien bildete wie immer&nbsp;&hellip;<\/p>\n","protected":false},"author":1,"featured_media":0,"parent":0,"menu_order":0,"comment_status":"closed","ping_status":"closed","template":"","meta":{"footnotes":""},"class_list":["post-882","page","type-page","status-publish","hentry"],"_links":{"self":[{"href":"https:\/\/theater-im-glien.de\/wp\/wp-json\/wp\/v2\/pages\/882","targetHints":{"allow":["GET"]}}],"collection":[{"href":"https:\/\/theater-im-glien.de\/wp\/wp-json\/wp\/v2\/pages"}],"about":[{"href":"https:\/\/theater-im-glien.de\/wp\/wp-json\/wp\/v2\/types\/page"}],"author":[{"embeddable":true,"href":"https:\/\/theater-im-glien.de\/wp\/wp-json\/wp\/v2\/users\/1"}],"replies":[{"embeddable":true,"href":"https:\/\/theater-im-glien.de\/wp\/wp-json\/wp\/v2\/comments?post=882"}],"version-history":[{"count":3,"href":"https:\/\/theater-im-glien.de\/wp\/wp-json\/wp\/v2\/pages\/882\/revisions"}],"predecessor-version":[{"id":885,"href":"https:\/\/theater-im-glien.de\/wp\/wp-json\/wp\/v2\/pages\/882\/revisions\/885"}],"wp:attachment":[{"href":"https:\/\/theater-im-glien.de\/wp\/wp-json\/wp\/v2\/media?parent=882"}],"curies":[{"name":"wp","href":"https:\/\/api.w.org\/{rel}","templated":true}]}}